{"id":408,"date":"2022-09-13T01:09:48","date_gmt":"2022-09-13T01:09:48","guid":{"rendered":"https:\/\/imagendeoro.com\/?page_id=408"},"modified":"2024-11-12T20:21:16","modified_gmt":"2024-11-12T20:21:16","slug":"premios-destacados","status":"publish","type":"page","link":"https:\/\/imagendeoro.com\/?page_id=408","title":{"rendered":"Premios destacados"},"content":{"rendered":"\n<meta charset=\"UTF-8\">\n<meta name=\"viewport\" content=\"width=device-width, initial-scale=1.0\">\n<title>Tablas de Ganadores 2023<\/title>\n<!-- Agrega la referencia a jQuery -->\n<script src=\"https:\/\/ajax.googleapis.com\/ajax\/libs\/jquery\/3.5.1\/jquery.min.js\"><\/script>\n<script>\n    $(document).ready(function() {\n        \/\/ Oculta las tablas inicialmente\n        $('.tabla-ganadores').hide();\n        \n        \/\/ Maneja el evento del bot\u00f3n para mostrar\/ocultar la tabla 1\n        $('#toggle-tabla1').click(function() {\n            $('#tabla-ganadores1').toggle();\n        });\n\n        \/\/ Maneja el evento del bot\u00f3n para mostrar\/ocultar la tabla 2\n        $('#toggle-tabla2').click(function() {\n            $('#tabla-ganadores2').toggle();\n        });\n        \/\/ Maneja el evento del bot\u00f3n para mostrar\/ocultar la tabla 3\n        $('#toggle-tabla3').click(function() {\n            $('#tabla-ganadores3').toggle();\n        });\n    });\n<\/script>\n<style>\n    .toggle-tabla {\n        background-color: goldenrod; \/* Fondo dorado *\/\n        color: white; \/* Texto blanco *\/\n        border: none; \/* Sin borde *\/\n        padding: 10px 20px; \/* A\u00f1ade un poco de espacio alrededor del texto *\/\n        cursor: pointer; \/* Cambia el cursor al pasar sobre el bot\u00f3n *\/\n        border-radius: 5px; \/* A\u00f1ade bordes redondeados *\/\n        margin-bottom: 10px; \/* A\u00f1ade un poco de espacio entre los botones *\/\n    }\n    \n    .tabla-ganadores {\n        width: 100%; \/* Opcional: Establece el ancho de la tabla al 100% del contenedor *\/\n        border-collapse: collapse; \/* Combina los bordes de la tabla en uno solo *\/\n        margin-top: 10px; \/* A\u00f1ade un poco de espacio entre las tablas *\/\n    }\n    \n    .tabla-ganadores th, .tabla-ganadores td {\n        border: 1px solid black; \/* A\u00f1ade bordes a las celdas de la tabla *\/\n        padding: 8px; \/* A\u00f1ade espacio alrededor del contenido de las celdas *\/\n        text-align: left; \/* Alinea el texto a la izquierda en las celdas *\/\n    }\n<\/style>\n\n\n    <!-- Bot\u00f3n para mostrar\/ocultar la tabla 1 -->\n    <button class=\"toggle-tabla\" id=\"toggle-tabla1\">PREMIOS DESTACADOS 2022<\/button>\n    \n    <!-- Tabla de ganadores 1 -->\n    <table class=\"tabla-ganadores\" id=\"tabla-ganadores1\">\n        <thead>\n            <tr>\n                <th>Premio<\/th>\n                <th>Ganador<\/th>\n            <\/tr>\n        <\/thead>\n        <tbody>\n            <!-- Datos proporcionados -->\n            <tr>\n                <td>IMAGEN DE ORO DE PLATINO<\/td>\n                <td>COCA BECIL<\/td>\n            <\/tr>\n            <!-- Agrega los datos restantes aqu\u00ed -->\n            <!-- Puedes copiar y pegar esta estructura para cada fila y modificar los datos -->\n        <\/tbody>\n    <\/table>\n\n    <!-- Bot\u00f3n para mostrar\/ocultar la tabla 2 -->\n    <button class=\"toggle-tabla\" id=\"toggle-tabla2\">PREMIOS DESTACADOS 2023<\/button>\n    \n    <!-- Tabla de ganadores 2 -->\n    <table class=\"tabla-ganadores\" id=\"tabla-ganadores2\">\n        <thead>\n            <tr>\n                <th>Premio<\/th>\n                <th>Ganador<\/th>\n            <\/tr>\n        <\/thead>\n        <tbody>\n            <!-- Datos proporcionados -->\n<tr>\n                <td>IMAGEN DE PLATINO<\/td>\n                <td>FARMARCIAS PONTE<\/td>\n            <\/tr><tr>\n                <td>RECONOCIMIENTO POR SU LARGA TRAYECTORIA CON EL BANDONE\u00d3N Y LA M\u00daSICA<\/td>\n                <td>MIGUEL ALBRI<\/td>\n            <\/tr>\n            <tr>\n                <td>RECONOCIMIENTO A LA MUJER EMPRESARIA Y PROFESIONAL POR SU INNOVACI\u00d3N TECNOL\u00d3GICA Y LARGA TRAYECTORIA<\/td>\n                <td>Dra. MABEL CLAS de VIU<\/td>\n            <\/tr>\n            <!-- Agrega los datos restantes aqu\u00ed -->\n            <!-- Puedes copiar y pegar esta estructura para cada fila y modificar los datos -->\n        <\/tbody>\n    <\/table>\n\n    <button class=\"toggle-tabla\" id=\"toggle-tabla3\">PREMIOS DESTACADOS 2024<\/button>\n    \n    <!-- Tabla de ganadores 3 -->\n    <table class=\"tabla-ganadores\" id=\"tabla-ganadores3\">\n        <thead>\n            <tr>\n                <th>Premio<\/th>\n                <th>Ganador<\/th>\n            <\/tr>\n        <\/thead>\n        <tbody>\n            <!-- Datos proporcionados -->\n<tr>\n    <td>IMAGEN DE PLATINO<\/td>\n    <td>ORGANIZACI\u00d3N NELDO RAFFO<\/td>\n<\/tr>\n<tr>\n    <td>A LA TRAYECTORIA<\/td>\n    <td>AIMERI AUTOMOTORES<\/td>\n<\/tr>\n<tr>\n    <td>INNOVACI\u00d3N<\/td>\n    <td>GRIVEL ABERTURAS<\/td>\n<\/tr>\n<tr>\n    <td>EMPRENDEDURISMO<\/td>\n    <td>FARMACIAS PONTE<\/td>\n<\/tr>\n<tr>\n    <td>PREMIOS A LA TRAYECTORIA ENTREGADO POR CECISA<\/td>\n    <td>DANDY<\/td>\n<\/tr>\n<tr>\n    <td>PREMIOS A LA TRAYECTORIA ENTREGADO POR CECISA<\/td>\n    <td>ELSA GINES<\/td>\n<\/tr>\n        <\/tbody>\n    <\/table>\n","protected":false},"excerpt":{"rendered":"<p>Tablas de Ganadores 2023 PREMIOS DESTACADOS 2022 Premio Ganador IMAGEN DE ORO DE PLATINO COCA BECIL PREMIOS DESTACADOS 2023 Premio Ganador IMAGEN DE PLATINO FARMARCIAS PONTE RECONOCIMIENTO POR SU LARGA TRAYECTORIA CON EL BANDONE\u00d3N Y LA M\u00daSICA MIGUEL ALBRI RECONOCIMIENTO A LA MUJER EMPRESARIA Y PROFESIONAL POR SU INNOVACI\u00d3N TECNOL\u00d3GICA Y LARGA TRAYECTORIA Dra. MABEL [&hellip;]<\/p>\n","protected":false},"author":1,"featured_media":0,"parent":0,"menu_order":0,"comment_status":"closed","ping_status":"closed","template":"","meta":{"om_disable_all_campaigns":false,"_monsterinsights_skip_tracking":false,"_monsterinsights_sitenote_active":false,"_monsterinsights_sitenote_note":"","_monsterinsights_sitenote_category":0},"_links":{"self":[{"href":"https:\/\/imagendeoro.com\/index.php?rest_route=\/wp\/v2\/pages\/408"}],"collection":[{"href":"https:\/\/imagendeoro.com\/index.php?rest_route=\/wp\/v2\/pages"}],"about":[{"href":"https:\/\/imagendeoro.com\/index.php?rest_route=\/wp\/v2\/types\/page"}],"author":[{"embeddable":true,"href":"https:\/\/imagendeoro.com\/index.php?rest_route=\/wp\/v2\/users\/1"}],"replies":[{"embeddable":true,"href":"https:\/\/imagendeoro.com\/index.php?rest_route=%2Fwp%2Fv2%2Fcomments&post=408"}],"version-history":[{"count":10,"href":"https:\/\/imagendeoro.com\/index.php?rest_route=\/wp\/v2\/pages\/408\/revisions"}],"predecessor-version":[{"id":790,"href":"https:\/\/imagendeoro.com\/index.php?rest_route=\/wp\/v2\/pages\/408\/revisions\/790"}],"wp:attachment":[{"href":"https:\/\/imagendeoro.com\/index.php?rest_route=%2Fwp%2Fv2%2Fmedia&parent=408"}],"curies":[{"name":"wp","href":"https:\/\/api.w.org\/{rel}","templated":true}]}}